{"id":57529,"date":"2024-03-14T17:09:56","date_gmt":"2024-03-14T14:09:56","guid":{"rendered":"https:\/\/aliftasansor.com\/?post_type=product&#038;p=57529"},"modified":"2026-04-13T12:36:50","modified_gmt":"2026-04-13T09:36:50","slug":"oval-asansor-tubelift","status":"publish","type":"product","link":"https:\/\/aliftasansor.com\/?product=oval-asansor-tubelift","title":{"rendered":"Oval Asans\u00f6r ( Tubelift )"},"content":{"rendered":"<p>Oval tasar\u0131ml\u0131 \u00f6zel bir asans\u00f6r modelidir.<\/p>\n<p>Detayl\u0131 bilgi i\u00e7in aray\u0131n\u0131z&#8230;.<\/p>\n<p>0224 5430 300<\/p>\n<p>0546 506 2810<\/p>\n","protected":false},"excerpt":{"rendered":"<p>Evlerinize estetik katan modern bir asans\u00f6r modelidir.<\/p>\n<p>Detayl\u0131 bilgi i\u00e7in aray\u0131n\u0131z<\/p>\n<p>0224 543 0300<\/p>\n<p>0546 506 2810<\/p>\n","protected":false},"featured_media":57531,"comment_status":"open","ping_status":"closed","template":"","meta":{"inline_featured_image":false},"product_brand":[],"product_cat":[536],"product_tag":[545,598,597,596],"class_list":{"0":"post-57529","1":"product","2":"type-product","3":"status-publish","4":"has-post-thumbnail","6":"product_cat-engelli-sistemleri","7":"product_tag-devas","8":"product_tag-ev-asansoru","9":"product_tag-ovalasansor","10":"product_tag-tubelift","11":"description-off","13":"first","14":"instock","15":"taxable","16":"shipping-taxable","17":"purchasable","18":"product-type-simple"},"_links":{"self":[{"href":"https:\/\/aliftasansor.com\/index.php?rest_route=\/wp\/v2\/product\/57529","targetHints":{"allow":["GET"]}}],"collection":[{"href":"https:\/\/aliftasansor.com\/index.php?rest_route=\/wp\/v2\/product"}],"about":[{"href":"https:\/\/aliftasansor.com\/index.php?rest_route=\/wp\/v2\/types\/product"}],"replies":[{"embeddable":true,"href":"https:\/\/aliftasansor.com\/index.php?rest_route=%2Fwp%2Fv2%2Fcomments&post=57529"}],"wp:featuredmedia":[{"embeddable":true,"href":"https:\/\/aliftasansor.com\/index.php?rest_route=\/wp\/v2\/media\/57531"}],"wp:attachment":[{"href":"https:\/\/aliftasansor.com\/index.php?rest_route=%2Fwp%2Fv2%2Fmedia&parent=57529"}],"wp:term":[{"taxonomy":"product_brand","embeddable":true,"href":"https:\/\/aliftasansor.com\/index.php?rest_route=%2Fwp%2Fv2%2Fproduct_brand&post=57529"},{"taxonomy":"product_cat","embeddable":true,"href":"https:\/\/aliftasansor.com\/index.php?rest_route=%2Fwp%2Fv2%2Fproduct_cat&post=57529"},{"taxonomy":"product_tag","embeddable":true,"href":"https:\/\/aliftasansor.com\/index.php?rest_route=%2Fwp%2Fv2%2Fproduct_tag&post=57529"}],"curies":[{"name":"wp","href":"https:\/\/api.w.org\/{rel}","templated":true}]}}