{"id":57520,"date":"2024-03-14T11:10:55","date_gmt":"2024-03-14T08:10:55","guid":{"rendered":"https:\/\/aliftasansor.com\/?post_type=product&#038;p=57520"},"modified":"2024-03-28T16:51:08","modified_gmt":"2024-03-28T13:51:08","slug":"panoramik-asansor-homelift","status":"publish","type":"product","link":"https:\/\/aliftasansor.com\/?product=panoramik-asansor-homelift","title":{"rendered":"Panoramik Asans\u00f6r ( HomeLift )"},"content":{"rendered":"<p>Panoramik Asans\u00f6r &#8211; HomeLift &#8211; Bina i\u00e7i Panoramik Ev Asans\u00f6r\u00fc Modelleri &#8211; Bina \u0130\u00e7i &amp; Bina D\u0131\u015f\u0131 Panoramik Ev Asans\u00f6rleri, a\u00e7\u0131k alanda veya kapal\u0131 alanda uygulanabilmektedir.<\/p>\n<p>Asans\u00f6r alt\u0131nda kuyu\/ bo\u015fluk gerektirmez, direkt olarak zemine oturtulur. Hidrolik, kay\u0131\u015fl\u0131, vidal\u0131, elektromekanik modelleri mevcuttur. Panoramik ev asans\u00f6r\u00fc, merdivenlerin ba\u015flad\u0131\u011f\u0131 katlardan en \u00fcst katlara kadar yap\u0131labilir. Hatta \u00e7at\u0131 katlar\u0131na dahi ula\u015fabilir. \u00d6zel \u015fifrematik , akbil okuyucu, parmak veya g\u00f6z okuyucu sistemleri sayesinde ortak kullan\u0131m alanlar\u0131nda kullan\u0131mlar k\u0131s\u0131tland\u0131r\u0131labilir. Standart dizayn edilmi\u015f geni\u015f caml\u0131 kap\u0131lar\u0131 vard\u0131r. Bitmi\u015f hali hem ki\u015fisel zevkinize hem de \u00e7evresel esteti\u011fe uyumlu olacakt\u0131r. G\u00f6vdesi boyal\u0131 \u00e7elik, boyal\u0131 al\u00fcminyum veya paslanmaz malzemeden \u00fcretilir. Boyal\u0131 modellerde standart renk se\u00e7ene\u011finin yan\u0131 s\u0131ra iste\u011fe ba\u011fl\u0131 farkl\u0131 renkte veya komple cam olarak da yap\u0131labilir. Yan y\u00fczeyler duvar olabilece\u011fi gibi kompozit malzemeden veya cam olarak da tercih edilebilir. Camlar temperli veya lamine cam se\u00e7enekleri ile sunulur. D\u0131\u015f mekanlarda, tek ya da \u00e7ift tarafl\u0131, \u00e7at\u0131l\u0131 se\u00e7enekleri de mevcuttur. Kap\u0131lar, tek kanatl\u0131, \u00e7ift kanatl\u0131, ikili teleskobik, \u00fc\u00e7l\u00fc teleskobik olabilir. Tek kanatl\u0131 kap\u0131lar manuel veya motorlu a\u00e7\u0131labilir. Daha detayl\u0131 bilgi i\u00e7in bize ula\u015f\u0131n\u0131z \u2026.<\/p>\n<p>0224 543 0300<\/p>\n<p>0546 506 2810<\/p>\n","protected":false},"excerpt":{"rendered":"<p>Daha detayl\u0131 bilgi i\u00e7in bize ula\u015f\u0131n\u0131z \u2026.<\/p>\n<p>0224 543 0300<\/p>\n<p>0546 506 2810<\/p>\n","protected":false},"featured_media":57521,"comment_status":"open","ping_status":"closed","template":"","meta":{"inline_featured_image":false},"product_brand":[],"product_cat":[536],"product_tag":[595,548,555,594,554],"class_list":{"0":"post-57520","1":"product","2":"type-product","3":"status-publish","4":"has-post-thumbnail","6":"product_cat-engelli-sistemleri","7":"product_tag-dis-cephe-asansoru","8":"product_tag-engelli-platformu","9":"product_tag-homelift","10":"product_tag-panoramik-asansor","11":"product_tag-villa-asansoru","12":"description-off","14":"first","15":"instock","16":"taxable","17":"shipping-taxable","18":"purchasable","19":"product-type-simple"},"_links":{"self":[{"href":"https:\/\/aliftasansor.com\/index.php?rest_route=\/wp\/v2\/product\/57520","targetHints":{"allow":["GET"]}}],"collection":[{"href":"https:\/\/aliftasansor.com\/index.php?rest_route=\/wp\/v2\/product"}],"about":[{"href":"https:\/\/aliftasansor.com\/index.php?rest_route=\/wp\/v2\/types\/product"}],"replies":[{"embeddable":true,"href":"https:\/\/aliftasansor.com\/index.php?rest_route=%2Fwp%2Fv2%2Fcomments&post=57520"}],"wp:featuredmedia":[{"embeddable":true,"href":"https:\/\/aliftasansor.com\/index.php?rest_route=\/wp\/v2\/media\/57521"}],"wp:attachment":[{"href":"https:\/\/aliftasansor.com\/index.php?rest_route=%2Fwp%2Fv2%2Fmedia&parent=57520"}],"wp:term":[{"taxonomy":"product_brand","embeddable":true,"href":"https:\/\/aliftasansor.com\/index.php?rest_route=%2Fwp%2Fv2%2Fproduct_brand&post=57520"},{"taxonomy":"product_cat","embeddable":true,"href":"https:\/\/aliftasansor.com\/index.php?rest_route=%2Fwp%2Fv2%2Fproduct_cat&post=57520"},{"taxonomy":"product_tag","embeddable":true,"href":"https:\/\/aliftasansor.com\/index.php?rest_route=%2Fwp%2Fv2%2Fproduct_tag&post=57520"}],"curies":[{"name":"wp","href":"https:\/\/api.w.org\/{rel}","templated":true}]}}