{"id":57517,"date":"2024-03-14T11:04:12","date_gmt":"2024-03-14T08:04:12","guid":{"rendered":"https:\/\/aliftasansor.com\/?post_type=product&#038;p=57517"},"modified":"2024-03-28T16:51:08","modified_gmt":"2024-03-28T13:51:08","slug":"arac-asansoru","status":"publish","type":"product","link":"https:\/\/aliftasansor.com\/?product=arac-asansoru","title":{"rendered":"Ara\u00e7 Asans\u00f6r\u00fc"},"content":{"rendered":"<p>Ara\u00e7 asans\u00f6rleri;\u00a0 \u00e7e\u015fitli model se\u00e7enekleri ile farkl\u0131 ara\u00e7 tipleri i\u00e7in uygun bir \u00fcr\u00fcnd\u00fcr.<\/p>\n<p>Bunlar Hidrolik, Hidrolik Ara\u00e7 Asans\u00f6r\u00fc, Makasl\u0131 Hidrolik Asans\u00f6r, Hidrolik Makasl\u0131 Asans\u00f6r, palanga sistem asans\u00f6r, L karkas Sistem asans\u00f6r ve makasl\u0131 tip asans\u00f6r olarak de\u011ferlendirilebilir.<\/p>\n<p>Daha detayl\u0131 bilgi i\u00e7in 0224 5430300 \/ 05465062810 9800<\/p>\n","protected":false},"excerpt":{"rendered":"<p>Ara\u00e7 Asans\u00f6r Modelleri<\/p>\n<p>Detayl\u0131 bilgi i\u00e7in 0224 5430300 \/ 05465062810 \/05322578870<\/p>\n","protected":false},"featured_media":57518,"comment_status":"open","ping_status":"closed","template":"","meta":{"inline_featured_image":false},"product_brand":[],"product_cat":[535],"product_tag":[591,590,593,592],"class_list":{"0":"post-57517","1":"product","2":"type-product","3":"status-publish","4":"has-post-thumbnail","6":"product_cat-asansorler","7":"product_tag-araba-asansoru","8":"product_tag-arac-asansoru","9":"product_tag-makasli-araba-asansoru","10":"product_tag-makasli-asansor","11":"description-off","13":"first","14":"instock","15":"taxable","16":"shipping-taxable","17":"purchasable","18":"product-type-simple"},"_links":{"self":[{"href":"https:\/\/aliftasansor.com\/index.php?rest_route=\/wp\/v2\/product\/57517","targetHints":{"allow":["GET"]}}],"collection":[{"href":"https:\/\/aliftasansor.com\/index.php?rest_route=\/wp\/v2\/product"}],"about":[{"href":"https:\/\/aliftasansor.com\/index.php?rest_route=\/wp\/v2\/types\/product"}],"replies":[{"embeddable":true,"href":"https:\/\/aliftasansor.com\/index.php?rest_route=%2Fwp%2Fv2%2Fcomments&post=57517"}],"wp:featuredmedia":[{"embeddable":true,"href":"https:\/\/aliftasansor.com\/index.php?rest_route=\/wp\/v2\/media\/57518"}],"wp:attachment":[{"href":"https:\/\/aliftasansor.com\/index.php?rest_route=%2Fwp%2Fv2%2Fmedia&parent=57517"}],"wp:term":[{"taxonomy":"product_brand","embeddable":true,"href":"https:\/\/aliftasansor.com\/index.php?rest_route=%2Fwp%2Fv2%2Fproduct_brand&post=57517"},{"taxonomy":"product_cat","embeddable":true,"href":"https:\/\/aliftasansor.com\/index.php?rest_route=%2Fwp%2Fv2%2Fproduct_cat&post=57517"},{"taxonomy":"product_tag","embeddable":true,"href":"https:\/\/aliftasansor.com\/index.php?rest_route=%2Fwp%2Fv2%2Fproduct_tag&post=57517"}],"curies":[{"name":"wp","href":"https:\/\/api.w.org\/{rel}","templated":true}]}}