{"id":57508,"date":"2024-03-14T10:55:25","date_gmt":"2024-03-14T07:55:25","guid":{"rendered":"https:\/\/aliftasansor.com\/?post_type=product&#038;p=57508"},"modified":"2024-03-28T16:51:08","modified_gmt":"2024-03-28T13:51:08","slug":"asansor-makinesi-dislisiz-mrl","status":"publish","type":"product","link":"https:\/\/aliftasansor.com\/?product=asansor-makinesi-dislisiz-mrl","title":{"rendered":"Asans\u00f6r Makinesi ( Di\u015flisiz MRL )"},"content":{"rendered":"<p>Yerli Ve \u0130thal Asans\u00f6r Makineleri i\u00e7in ileti\u015fime ge\u00e7iniz<\/p>\n<p>0224 543 0300<\/p>\n<p>0546 506 2810<\/p>\n","protected":false},"excerpt":{"rendered":"<p>Yerli Ve \u0130thal Asans\u00f6r Makineleri<\/p>\n","protected":false},"featured_media":57509,"comment_status":"open","ping_status":"closed","template":"","meta":{"inline_featured_image":false},"product_brand":[],"product_cat":[535],"product_tag":[],"class_list":{"0":"post-57508","1":"product","2":"type-product","3":"status-publish","4":"has-post-thumbnail","6":"product_cat-asansorler","7":"description-off","9":"first","10":"instock","11":"taxable","12":"shipping-taxable","13":"purchasable","14":"product-type-simple"},"_links":{"self":[{"href":"https:\/\/aliftasansor.com\/index.php?rest_route=\/wp\/v2\/product\/57508","targetHints":{"allow":["GET"]}}],"collection":[{"href":"https:\/\/aliftasansor.com\/index.php?rest_route=\/wp\/v2\/product"}],"about":[{"href":"https:\/\/aliftasansor.com\/index.php?rest_route=\/wp\/v2\/types\/product"}],"replies":[{"embeddable":true,"href":"https:\/\/aliftasansor.com\/index.php?rest_route=%2Fwp%2Fv2%2Fcomments&post=57508"}],"wp:featuredmedia":[{"embeddable":true,"href":"https:\/\/aliftasansor.com\/index.php?rest_route=\/wp\/v2\/media\/57509"}],"wp:attachment":[{"href":"https:\/\/aliftasansor.com\/index.php?rest_route=%2Fwp%2Fv2%2Fmedia&parent=57508"}],"wp:term":[{"taxonomy":"product_brand","embeddable":true,"href":"https:\/\/aliftasansor.com\/index.php?rest_route=%2Fwp%2Fv2%2Fproduct_brand&post=57508"},{"taxonomy":"product_cat","embeddable":true,"href":"https:\/\/aliftasansor.com\/index.php?rest_route=%2Fwp%2Fv2%2Fproduct_cat&post=57508"},{"taxonomy":"product_tag","embeddable":true,"href":"https:\/\/aliftasansor.com\/index.php?rest_route=%2Fwp%2Fv2%2Fproduct_tag&post=57508"}],"curies":[{"name":"wp","href":"https:\/\/api.w.org\/{rel}","templated":true}]}}