{"id":57504,"date":"2024-03-14T10:50:57","date_gmt":"2024-03-14T07:50:57","guid":{"rendered":"https:\/\/aliftasansor.com\/?post_type=product&#038;p=57504"},"modified":"2026-04-13T12:32:49","modified_gmt":"2026-04-13T09:32:49","slug":"asansor-makinesi","status":"publish","type":"product","link":"https:\/\/aliftasansor.com\/?product=asansor-makinesi","title":{"rendered":"Asans\u00f6r Makinesi"},"content":{"rendered":"<p>\u0130thal ve yerli Asans\u00f6r makineleri i\u00e7in ileti\u015fime ge\u00e7ebilirsiniz..<\/p>\n<p>0224 543 0300<\/p>\n<p>0546 506 2810<\/p>\n","protected":false},"excerpt":{"rendered":"<p>Asans\u00f6r Makine Motor \u00c7e\u015fitleri<\/p>\n","protected":false},"featured_media":57505,"comment_status":"open","ping_status":"closed","template":"","meta":{"inline_featured_image":false},"product_brand":[],"product_cat":[535],"product_tag":[586,585,588,587,589],"class_list":{"0":"post-57504","1":"product","2":"type-product","3":"status-publish","4":"has-post-thumbnail","6":"product_cat-asansorler","7":"product_tag-asansor-makine","8":"product_tag-asansor-motor","9":"product_tag-bursa-asansor-bakim","10":"product_tag-bursa-asansor-makinasi","11":"product_tag-mudanya-asansor","12":"description-off","14":"first","15":"instock","16":"taxable","17":"shipping-taxable","18":"purchasable","19":"product-type-simple"},"_links":{"self":[{"href":"https:\/\/aliftasansor.com\/index.php?rest_route=\/wp\/v2\/product\/57504","targetHints":{"allow":["GET"]}}],"collection":[{"href":"https:\/\/aliftasansor.com\/index.php?rest_route=\/wp\/v2\/product"}],"about":[{"href":"https:\/\/aliftasansor.com\/index.php?rest_route=\/wp\/v2\/types\/product"}],"replies":[{"embeddable":true,"href":"https:\/\/aliftasansor.com\/index.php?rest_route=%2Fwp%2Fv2%2Fcomments&post=57504"}],"wp:featuredmedia":[{"embeddable":true,"href":"https:\/\/aliftasansor.com\/index.php?rest_route=\/wp\/v2\/media\/57505"}],"wp:attachment":[{"href":"https:\/\/aliftasansor.com\/index.php?rest_route=%2Fwp%2Fv2%2Fmedia&parent=57504"}],"wp:term":[{"taxonomy":"product_brand","embeddable":true,"href":"https:\/\/aliftasansor.com\/index.php?rest_route=%2Fwp%2Fv2%2Fproduct_brand&post=57504"},{"taxonomy":"product_cat","embeddable":true,"href":"https:\/\/aliftasansor.com\/index.php?rest_route=%2Fwp%2Fv2%2Fproduct_cat&post=57504"},{"taxonomy":"product_tag","embeddable":true,"href":"https:\/\/aliftasansor.com\/index.php?rest_route=%2Fwp%2Fv2%2Fproduct_tag&post=57504"}],"curies":[{"name":"wp","href":"https:\/\/api.w.org\/{rel}","templated":true}]}}