{"id":57495,"date":"2024-03-14T10:45:13","date_gmt":"2024-03-14T07:45:13","guid":{"rendered":"https:\/\/aliftasansor.com\/?post_type=product&#038;p=57495"},"modified":"2024-03-28T16:51:08","modified_gmt":"2024-03-28T13:51:08","slug":"asansor-kapisi","status":"publish","type":"product","link":"https:\/\/aliftasansor.com\/?product=asansor-kapisi","title":{"rendered":"Asans\u00f6r Kap\u0131s\u0131"},"content":{"rendered":"<div class=\"value _ngcontent-zwh-87\"><span class=\"_ngcontent-zwh-89\">ASANS\u00d6RLER \u0130\u00c7\u0130N OTOMAT\u0130K VE MANUEL KAPILAR<\/span><\/div>\n<div><span class=\"_ngcontent-zwh-89\">MODEL VE RENK SE\u00c7ENEKLER\u0130 \u0130\u00c7\u0130N \u0130LET\u0130\u015e\u0130ME GE\u00c7\u0130N\u0130Z&#8230;<\/span><\/div>\n<div>0(224) 543 0300<\/div>\n<div>0(546) 506 28 10<\/div>\n<div class=\"actions _ngcontent-zwh-87\"><\/div>\n","protected":false},"excerpt":{"rendered":"<p><span class=\"_ngcontent-zwh-89\">ASANS\u00d6R KAPI MODEL VE RENK SE\u00c7ENEKLER\u0130 \u0130\u00c7\u0130N \u0130LET\u0130\u015e\u0130ME GE\u00c7\u0130N\u0130Z&#8230;<\/span><\/p>\n<p>ASANS\u00d6R KRAMER KAPISI<\/p>\n","protected":false},"featured_media":57496,"comment_status":"open","ping_status":"closed","template":"","meta":{"inline_featured_image":false},"product_brand":[],"product_cat":[535],"product_tag":[575,579,584,583,580,582,581],"class_list":{"0":"post-57495","1":"product","2":"type-product","3":"status-publish","4":"has-post-thumbnail","6":"product_cat-asansorler","7":"product_tag-asansor","8":"product_tag-asansor-kapisi","9":"product_tag-asansor-lirpomp","10":"product_tag-carpma-asansor-kapisi","11":"product_tag-has-asansor","12":"product_tag-kleefer","13":"product_tag-wiittur","14":"description-off","16":"first","17":"instock","18":"taxable","19":"shipping-taxable","20":"purchasable","21":"product-type-simple"},"_links":{"self":[{"href":"https:\/\/aliftasansor.com\/index.php?rest_route=\/wp\/v2\/product\/57495","targetHints":{"allow":["GET"]}}],"collection":[{"href":"https:\/\/aliftasansor.com\/index.php?rest_route=\/wp\/v2\/product"}],"about":[{"href":"https:\/\/aliftasansor.com\/index.php?rest_route=\/wp\/v2\/types\/product"}],"replies":[{"embeddable":true,"href":"https:\/\/aliftasansor.com\/index.php?rest_route=%2Fwp%2Fv2%2Fcomments&post=57495"}],"wp:featuredmedia":[{"embeddable":true,"href":"https:\/\/aliftasansor.com\/index.php?rest_route=\/wp\/v2\/media\/57496"}],"wp:attachment":[{"href":"https:\/\/aliftasansor.com\/index.php?rest_route=%2Fwp%2Fv2%2Fmedia&parent=57495"}],"wp:term":[{"taxonomy":"product_brand","embeddable":true,"href":"https:\/\/aliftasansor.com\/index.php?rest_route=%2Fwp%2Fv2%2Fproduct_brand&post=57495"},{"taxonomy":"product_cat","embeddable":true,"href":"https:\/\/aliftasansor.com\/index.php?rest_route=%2Fwp%2Fv2%2Fproduct_cat&post=57495"},{"taxonomy":"product_tag","embeddable":true,"href":"https:\/\/aliftasansor.com\/index.php?rest_route=%2Fwp%2Fv2%2Fproduct_tag&post=57495"}],"curies":[{"name":"wp","href":"https:\/\/api.w.org\/{rel}","templated":true}]}}