{"id":57468,"date":"2024-03-14T10:24:47","date_gmt":"2024-03-14T07:24:47","guid":{"rendered":"https:\/\/aliftasansor.com\/?post_type=product&#038;p=57468"},"modified":"2024-03-28T16:51:09","modified_gmt":"2024-03-28T13:51:09","slug":"dis-cephe-asansoru","status":"publish","type":"product","link":"https:\/\/aliftasansor.com\/?product=dis-cephe-asansoru","title":{"rendered":"D\u0131\u015f Cephe Asans\u00f6r\u00fc"},"content":{"rendered":"<h3><b>\u00d6zellikleri\u00a0<\/b><\/h3>\n<h3><em>Kapasite : 315-400 Kg\u00a0 aras\u0131 ta\u015f\u0131maktad\u0131r<\/em><\/h3>\n<h3><em>Renk Boya Se\u00e7enekleri : Ral 7016 &#8211; Ral 7035 &#8211; Ral 7040 ve \u00f6zel renkte yap\u0131labilir<\/em><\/h3>\n<h3><em>Tahrik \u015eekli\u00a0 : Hidrolik ve Vidal\u0131\u00a0 sistemdir<\/em><\/h3>\n<h3><em>\u00d6l\u00e7\u00fcler\u00a0<\/em><\/h3>\n<h3><em>1100 mm x 1100 mm<\/em><\/h3>\n<h3><em>1200 mm x 1200 mm<\/em><\/h3>\n<h3><em>1300 mm x 1300 mm<\/em><\/h3>\n<h3><em>1400 mm x 1400 mm<\/em><\/h3>\n<h3><em>1500 mm x 1500 mm<\/em><\/h3>\n<h3><em>1600 mm x 1600 mm veya \u00f6zel \u00f6l\u00e7\u00fclerde yap\u0131labilir\u00a0<\/em><\/h3>\n<h3><em>M\u00fc\u015fteri hizmetlerini arayabilirsiniz: (0224) 543 03 00<\/em><\/h3>\n","protected":false},"excerpt":{"rendered":"<p>Sonsuz vidal\u0131 veya hidrolik sistemli olarak \u00e7ok \u00e7ok sessiz \u00e7al\u0131\u015f\u0131r. Daha \u00f6nce asans\u00f6r yap\u0131lmam\u0131\u015f, yeri b\u0131rak\u0131lmam\u0131\u015f olan binan\u0131zda d\u0131\u015far\u0131dan balkona veya dairelere eri\u015fimi sa\u011flamak \u00fczere tasarlad\u0131\u011f\u0131m\u0131z bu \u00fcr\u00fcn hayat\u0131n\u0131z\u0131 kolayla\u015ft\u0131racakt\u0131r . Detayl\u0131 bilgi i\u00e7in Aray\u0131n\u0131z 05465062810<\/p>\n","protected":false},"featured_media":57469,"comment_status":"open","ping_status":"closed","template":"","meta":{"inline_featured_image":false},"product_brand":[],"product_cat":[536],"product_tag":[572,547,555,571,554],"class_list":{"0":"post-57468","1":"product","2":"type-product","3":"status-publish","4":"has-post-thumbnail","6":"product_cat-engelli-sistemleri","7":"product_tag-dis-cepheden-asansor","8":"product_tag-engelli-asansoru","9":"product_tag-homelift","10":"product_tag-kapali-engelli-platformu","11":"product_tag-villa-asansoru","12":"description-off","14":"first","15":"instock","16":"taxable","17":"shipping-taxable","18":"product-type-simple"},"_links":{"self":[{"href":"https:\/\/aliftasansor.com\/index.php?rest_route=\/wp\/v2\/product\/57468","targetHints":{"allow":["GET"]}}],"collection":[{"href":"https:\/\/aliftasansor.com\/index.php?rest_route=\/wp\/v2\/product"}],"about":[{"href":"https:\/\/aliftasansor.com\/index.php?rest_route=\/wp\/v2\/types\/product"}],"replies":[{"embeddable":true,"href":"https:\/\/aliftasansor.com\/index.php?rest_route=%2Fwp%2Fv2%2Fcomments&post=57468"}],"wp:featuredmedia":[{"embeddable":true,"href":"https:\/\/aliftasansor.com\/index.php?rest_route=\/wp\/v2\/media\/57469"}],"wp:attachment":[{"href":"https:\/\/aliftasansor.com\/index.php?rest_route=%2Fwp%2Fv2%2Fmedia&parent=57468"}],"wp:term":[{"taxonomy":"product_brand","embeddable":true,"href":"https:\/\/aliftasansor.com\/index.php?rest_route=%2Fwp%2Fv2%2Fproduct_brand&post=57468"},{"taxonomy":"product_cat","embeddable":true,"href":"https:\/\/aliftasansor.com\/index.php?rest_route=%2Fwp%2Fv2%2Fproduct_cat&post=57468"},{"taxonomy":"product_tag","embeddable":true,"href":"https:\/\/aliftasansor.com\/index.php?rest_route=%2Fwp%2Fv2%2Fproduct_tag&post=57468"}],"curies":[{"name":"wp","href":"https:\/\/api.w.org\/{rel}","templated":true}]}}