{"id":57449,"date":"2024-03-14T08:49:22","date_gmt":"2024-03-14T05:49:22","guid":{"rendered":"https:\/\/aliftasansor.com\/?post_type=product&#038;p=57449"},"modified":"2024-03-28T16:51:09","modified_gmt":"2024-03-28T13:51:09","slug":"rampa-rulo","status":"publish","type":"product","link":"https:\/\/aliftasansor.com\/?product=rampa-rulo","title":{"rendered":"Rampa ( Rulo )"},"content":{"rendered":"<p>Engelli Rampalar\u0131, sosyal ya\u015fam alanlar\u0131, tarihi mekanlar, tekneler, fabrikalar, i\u015fletmeler\u00a0 vb. alanlarda \u00e7ok y\u00f6nl\u00fc kullan\u0131m\u0131n yan\u0131 s\u0131ra yap\u0131lar\u0131n orjinal yap\u0131s\u0131n\u0131 de\u011fi\u015ftirmeden engelliler i\u00e7in eri\u015filebilir mekanlar olu\u015fturur.<\/p>\n<p>Rahat ve kolay kullan\u0131m\u0131n\u0131n yan\u0131 s\u0131ra ekonomik\u00a0olmas\u0131 sebebiyle \u00e7ok\u00a0tercih edilen bir \u00fcr\u00fcnd\u00fcr.<\/p>\n<p>Portatif Rampa, Kargo ta\u015f\u0131ma \u015firketleri, ve i\u015fletmelerin lojistik \u00e7\u00f6z\u00fcmlerinde b\u00fcy\u00fck kolayl\u0131k sa\u011flayan yard\u0131mc\u0131 bir \u00fcr\u00fcnd\u00fcr.<\/p>\n<p>Ta\u015f\u0131nabilir rampalar istenilen \u00f6l\u00e7\u00fclerde \u00fcretilebilir.<\/p>\n<p>Yer kaplamayan tasar\u0131m\u0131 ve hafifli\u011fi sayesinde kullanmad\u0131\u011f\u0131n\u0131z zamanlarda kolayl\u0131kla\u00a0katlayabilir ve ta\u015f\u0131yabilirsiniz.<\/p>\n","protected":false},"excerpt":{"rendered":"<p>Katlanabilir RULO rampa, Al\u00fcminyum rampa detayl\u0131 bilgi i\u00e7in aray\u0131n\u0131z &#8230;<\/p>\n","protected":false},"featured_media":57450,"comment_status":"open","ping_status":"closed","template":"","meta":{"inline_featured_image":false},"product_brand":[],"product_cat":[536],"product_tag":[],"class_list":{"0":"post-57449","1":"product","2":"type-product","3":"status-publish","4":"has-post-thumbnail","6":"product_cat-engelli-sistemleri","7":"description-off","9":"first","10":"instock","11":"taxable","12":"shipping-taxable","13":"purchasable","14":"product-type-simple"},"_links":{"self":[{"href":"https:\/\/aliftasansor.com\/index.php?rest_route=\/wp\/v2\/product\/57449","targetHints":{"allow":["GET"]}}],"collection":[{"href":"https:\/\/aliftasansor.com\/index.php?rest_route=\/wp\/v2\/product"}],"about":[{"href":"https:\/\/aliftasansor.com\/index.php?rest_route=\/wp\/v2\/types\/product"}],"replies":[{"embeddable":true,"href":"https:\/\/aliftasansor.com\/index.php?rest_route=%2Fwp%2Fv2%2Fcomments&post=57449"}],"wp:featuredmedia":[{"embeddable":true,"href":"https:\/\/aliftasansor.com\/index.php?rest_route=\/wp\/v2\/media\/57450"}],"wp:attachment":[{"href":"https:\/\/aliftasansor.com\/index.php?rest_route=%2Fwp%2Fv2%2Fmedia&parent=57449"}],"wp:term":[{"taxonomy":"product_brand","embeddable":true,"href":"https:\/\/aliftasansor.com\/index.php?rest_route=%2Fwp%2Fv2%2Fproduct_brand&post=57449"},{"taxonomy":"product_cat","embeddable":true,"href":"https:\/\/aliftasansor.com\/index.php?rest_route=%2Fwp%2Fv2%2Fproduct_cat&post=57449"},{"taxonomy":"product_tag","embeddable":true,"href":"https:\/\/aliftasansor.com\/index.php?rest_route=%2Fwp%2Fv2%2Fproduct_tag&post=57449"}],"curies":[{"name":"wp","href":"https:\/\/api.w.org\/{rel}","templated":true}]}}