{"id":57431,"date":"2024-03-12T17:59:18","date_gmt":"2024-03-12T14:59:18","guid":{"rendered":"https:\/\/aliftasansor.com\/?post_type=product&#038;p=57431"},"modified":"2024-03-28T16:51:09","modified_gmt":"2024-03-28T13:51:09","slug":"yemek-asansoru-monsarj","status":"publish","type":"product","link":"https:\/\/aliftasansor.com\/?product=yemek-asansoru-monsarj","title":{"rendered":"Yemek Asans\u00f6r\u00fc ( Mon\u015farj )"},"content":{"rendered":"<p>Yemek ta\u015f\u0131mak ama\u00e7l\u0131 \u00f6zel \u00f6l\u00e7\u00fclerde \u00fcretti\u011fimiz asans\u00f6r\u00fcm\u00fcz. Detayl\u0131 bilgi i\u00e7in aray\u0131n\u0131z &#8230;<\/p>\n","protected":false},"excerpt":{"rendered":"<p>Mon\u015farj yemek asans\u00f6r\u00fc, yemek asans\u00f6r\u00fc, detayl\u0131 bilgi i\u00e7in aray\u0131n\u0131z<\/p>\n","protected":false},"featured_media":57432,"comment_status":"open","ping_status":"closed","template":"","meta":{"inline_featured_image":false},"product_brand":[],"product_cat":[535],"product_tag":[570,554,568,569],"class_list":{"0":"post-57431","1":"product","2":"type-product","3":"status-publish","4":"has-post-thumbnail","6":"product_cat-asansorler","7":"product_tag-monsarj","8":"product_tag-villa-asansoru","9":"product_tag-yemek-asansoru","10":"product_tag-yemekhane-asansoru","11":"description-off","13":"first","14":"instock","15":"taxable","16":"shipping-taxable","17":"purchasable","18":"product-type-simple"},"_links":{"self":[{"href":"https:\/\/aliftasansor.com\/index.php?rest_route=\/wp\/v2\/product\/57431","targetHints":{"allow":["GET"]}}],"collection":[{"href":"https:\/\/aliftasansor.com\/index.php?rest_route=\/wp\/v2\/product"}],"about":[{"href":"https:\/\/aliftasansor.com\/index.php?rest_route=\/wp\/v2\/types\/product"}],"replies":[{"embeddable":true,"href":"https:\/\/aliftasansor.com\/index.php?rest_route=%2Fwp%2Fv2%2Fcomments&post=57431"}],"wp:featuredmedia":[{"embeddable":true,"href":"https:\/\/aliftasansor.com\/index.php?rest_route=\/wp\/v2\/media\/57432"}],"wp:attachment":[{"href":"https:\/\/aliftasansor.com\/index.php?rest_route=%2Fwp%2Fv2%2Fmedia&parent=57431"}],"wp:term":[{"taxonomy":"product_brand","embeddable":true,"href":"https:\/\/aliftasansor.com\/index.php?rest_route=%2Fwp%2Fv2%2Fproduct_brand&post=57431"},{"taxonomy":"product_cat","embeddable":true,"href":"https:\/\/aliftasansor.com\/index.php?rest_route=%2Fwp%2Fv2%2Fproduct_cat&post=57431"},{"taxonomy":"product_tag","embeddable":true,"href":"https:\/\/aliftasansor.com\/index.php?rest_route=%2Fwp%2Fv2%2Fproduct_tag&post=57431"}],"curies":[{"name":"wp","href":"https:\/\/api.w.org\/{rel}","templated":true}]}}