{"id":57412,"date":"2024-03-12T17:53:07","date_gmt":"2024-03-12T14:53:07","guid":{"rendered":"https:\/\/aliftasansor.com\/?post_type=product&#038;p=57412"},"modified":"2024-03-28T16:51:09","modified_gmt":"2024-03-28T13:51:09","slug":"arac-rampasi-manuel","status":"publish","type":"product","link":"https:\/\/aliftasansor.com\/?product=arac-rampasi-manuel","title":{"rendered":"Ara\u00e7 Rampas\u0131 ( Manuel )"},"content":{"rendered":"<p>Tamamen \u00f6zel ala\u015f\u0131ml\u0131 Al\u00fcminyum malzemeden \u00fcretilen uzun \u00f6m\u00fcrl\u00fc ve ekonomik bir \u00fcr\u00fcnd\u00fcr.<\/p>\n<p>Detayl\u0131 bilgi i\u00e7in aray\u0131n\u0131z&#8230;<\/p>\n","protected":false},"excerpt":{"rendered":"<p>Rampa &#8230;<\/p>\n","protected":false},"featured_media":57413,"comment_status":"open","ping_status":"closed","template":"","meta":{"inline_featured_image":false},"product_brand":[],"product_cat":[536],"product_tag":[566,565,564,567],"class_list":{"0":"post-57412","1":"product","2":"type-product","3":"status-publish","4":"has-post-thumbnail","6":"product_cat-engelli-sistemleri","7":"product_tag-engelli-arac","8":"product_tag-engelli-rampa","9":"product_tag-engelli-rampasi","10":"product_tag-rampa","11":"description-off","13":"first","14":"instock","15":"taxable","16":"shipping-taxable","17":"purchasable","18":"product-type-simple"},"_links":{"self":[{"href":"https:\/\/aliftasansor.com\/index.php?rest_route=\/wp\/v2\/product\/57412","targetHints":{"allow":["GET"]}}],"collection":[{"href":"https:\/\/aliftasansor.com\/index.php?rest_route=\/wp\/v2\/product"}],"about":[{"href":"https:\/\/aliftasansor.com\/index.php?rest_route=\/wp\/v2\/types\/product"}],"replies":[{"embeddable":true,"href":"https:\/\/aliftasansor.com\/index.php?rest_route=%2Fwp%2Fv2%2Fcomments&post=57412"}],"wp:featuredmedia":[{"embeddable":true,"href":"https:\/\/aliftasansor.com\/index.php?rest_route=\/wp\/v2\/media\/57413"}],"wp:attachment":[{"href":"https:\/\/aliftasansor.com\/index.php?rest_route=%2Fwp%2Fv2%2Fmedia&parent=57412"}],"wp:term":[{"taxonomy":"product_brand","embeddable":true,"href":"https:\/\/aliftasansor.com\/index.php?rest_route=%2Fwp%2Fv2%2Fproduct_brand&post=57412"},{"taxonomy":"product_cat","embeddable":true,"href":"https:\/\/aliftasansor.com\/index.php?rest_route=%2Fwp%2Fv2%2Fproduct_cat&post=57412"},{"taxonomy":"product_tag","embeddable":true,"href":"https:\/\/aliftasansor.com\/index.php?rest_route=%2Fwp%2Fv2%2Fproduct_tag&post=57412"}],"curies":[{"name":"wp","href":"https:\/\/api.w.org\/{rel}","templated":true}]}}