{"id":57398,"date":"2024-03-12T14:40:05","date_gmt":"2024-03-12T11:40:05","guid":{"rendered":"https:\/\/aliftasansor.com\/?post_type=product&#038;p=57398"},"modified":"2024-03-28T16:51:09","modified_gmt":"2024-03-28T13:51:09","slug":"yuk-platformu-2","status":"publish","type":"product","link":"https:\/\/aliftasansor.com\/?product=yuk-platformu-2","title":{"rendered":"Y\u00fck Platformu"},"content":{"rendered":"<p>\u00d6zel imalat yap\u0131larak 100 kg dam 30.000 tg kadar y\u00fck ta\u015f\u0131tabilirz. Detayl\u0131 bilgi i\u00e7in aray\u0131n\u0131z<\/p>\n","protected":false},"excerpt":{"rendered":"<p>\u00d6zel imalat y\u00fck platformlar\u0131 i\u00e7in aray\u0131n\u0131z<\/p>\n","protected":false},"featured_media":57399,"comment_status":"open","ping_status":"closed","template":"","meta":{"inline_featured_image":false},"product_brand":[],"product_cat":[535],"product_tag":[558,556,557],"class_list":{"0":"post-57398","1":"product","2":"type-product","3":"status-publish","4":"has-post-thumbnail","6":"product_cat-asansorler","7":"product_tag-bursa-yuk-asansoru","8":"product_tag-yuk-asansoru","9":"product_tag-yuk-platformu","10":"description-off","12":"first","13":"instock","14":"taxable","15":"shipping-taxable","16":"purchasable","17":"product-type-simple"},"_links":{"self":[{"href":"https:\/\/aliftasansor.com\/index.php?rest_route=\/wp\/v2\/product\/57398","targetHints":{"allow":["GET"]}}],"collection":[{"href":"https:\/\/aliftasansor.com\/index.php?rest_route=\/wp\/v2\/product"}],"about":[{"href":"https:\/\/aliftasansor.com\/index.php?rest_route=\/wp\/v2\/types\/product"}],"replies":[{"embeddable":true,"href":"https:\/\/aliftasansor.com\/index.php?rest_route=%2Fwp%2Fv2%2Fcomments&post=57398"}],"wp:featuredmedia":[{"embeddable":true,"href":"https:\/\/aliftasansor.com\/index.php?rest_route=\/wp\/v2\/media\/57399"}],"wp:attachment":[{"href":"https:\/\/aliftasansor.com\/index.php?rest_route=%2Fwp%2Fv2%2Fmedia&parent=57398"}],"wp:term":[{"taxonomy":"product_brand","embeddable":true,"href":"https:\/\/aliftasansor.com\/index.php?rest_route=%2Fwp%2Fv2%2Fproduct_brand&post=57398"},{"taxonomy":"product_cat","embeddable":true,"href":"https:\/\/aliftasansor.com\/index.php?rest_route=%2Fwp%2Fv2%2Fproduct_cat&post=57398"},{"taxonomy":"product_tag","embeddable":true,"href":"https:\/\/aliftasansor.com\/index.php?rest_route=%2Fwp%2Fv2%2Fproduct_tag&post=57398"}],"curies":[{"name":"wp","href":"https:\/\/api.w.org\/{rel}","templated":true}]}}