{"id":57388,"date":"2024-03-12T14:16:39","date_gmt":"2024-03-12T11:16:39","guid":{"rendered":"https:\/\/aliftasansor.com\/?post_type=product&#038;p=57388"},"modified":"2024-03-28T16:51:09","modified_gmt":"2024-03-28T13:51:09","slug":"havuz-asansoru-sabit-model","status":"publish","type":"product","link":"https:\/\/aliftasansor.com\/?product=havuz-asansoru-sabit-model","title":{"rendered":"Havuz Asans\u00f6r\u00fc ( Sabit Model )"},"content":{"rendered":"<p>Havuz ve iskelelerde kullan\u0131labilen sadece su bas\u0131nc\u0131 ile\u00a0 \u00e7al\u0131\u015fan sabit tip havuz asans\u00f6r\u00fc.<\/p>\n<p>Tamamen krom malzemeden \u00fcretilmektedir. Emniyet kemerli ve CE belgelidir.<\/p>\n<p>\u00d6zel \u00f6l\u00e7\u00fclerde \u00fcretilebilmektedir.<\/p>\n<p>Detayl\u0131 bilgi i\u00e7in aray\u0131n\u0131z&#8230;<\/p>\n","protected":false},"excerpt":{"rendered":"<p>Havuz ve iskelelerde kullan\u0131labilen sadece su bas\u0131nc\u0131 ile\u00a0 \u00e7al\u0131\u015fan sabit tip havuz asans\u00f6r\u00fc.<\/p>\n","protected":false},"featured_media":57389,"comment_status":"open","ping_status":"closed","template":"","meta":{"inline_featured_image":false},"product_brand":[],"product_cat":[536],"product_tag":[561,542,546,543,544,554],"class_list":{"0":"post-57388","1":"product","2":"type-product","3":"status-publish","4":"has-post-thumbnail","6":"product_cat-engelli-sistemleri","7":"product_tag-engelli-havuz-asansoru","8":"product_tag-havuz-asansoru","9":"product_tag-koltuk-asansoru","10":"product_tag-otel-havuz-asansoru","11":"product_tag-su-asansoru","12":"product_tag-villa-asansoru","13":"description-off","15":"first","16":"instock","17":"taxable","18":"shipping-taxable","19":"purchasable","20":"product-type-simple"},"_links":{"self":[{"href":"https:\/\/aliftasansor.com\/index.php?rest_route=\/wp\/v2\/product\/57388","targetHints":{"allow":["GET"]}}],"collection":[{"href":"https:\/\/aliftasansor.com\/index.php?rest_route=\/wp\/v2\/product"}],"about":[{"href":"https:\/\/aliftasansor.com\/index.php?rest_route=\/wp\/v2\/types\/product"}],"replies":[{"embeddable":true,"href":"https:\/\/aliftasansor.com\/index.php?rest_route=%2Fwp%2Fv2%2Fcomments&post=57388"}],"wp:featuredmedia":[{"embeddable":true,"href":"https:\/\/aliftasansor.com\/index.php?rest_route=\/wp\/v2\/media\/57389"}],"wp:attachment":[{"href":"https:\/\/aliftasansor.com\/index.php?rest_route=%2Fwp%2Fv2%2Fmedia&parent=57388"}],"wp:term":[{"taxonomy":"product_brand","embeddable":true,"href":"https:\/\/aliftasansor.com\/index.php?rest_route=%2Fwp%2Fv2%2Fproduct_brand&post=57388"},{"taxonomy":"product_cat","embeddable":true,"href":"https:\/\/aliftasansor.com\/index.php?rest_route=%2Fwp%2Fv2%2Fproduct_cat&post=57388"},{"taxonomy":"product_tag","embeddable":true,"href":"https:\/\/aliftasansor.com\/index.php?rest_route=%2Fwp%2Fv2%2Fproduct_tag&post=57388"}],"curies":[{"name":"wp","href":"https:\/\/api.w.org\/{rel}","templated":true}]}}