{"id":57372,"date":"2024-03-11T17:24:37","date_gmt":"2024-03-11T14:24:37","guid":{"rendered":"https:\/\/aliftasansor.com\/?post_type=product&#038;p=57372"},"modified":"2025-09-07T22:16:33","modified_gmt":"2025-09-07T19:16:33","slug":"kapali-tip-engelli-platformu","status":"publish","type":"product","link":"https:\/\/aliftasansor.com\/?product=kapali-tip-engelli-platformu","title":{"rendered":"Kapal\u0131 Tip Engelli Platformu"},"content":{"rendered":"<p>Sonradan asans\u00f6r ihtiyac\u0131 olan yerlerde ; \u00fcst ge\u00e7itler, \u00f6zel m\u00fclkler, villalar, al\u0131\u015fveri\u015f merkezleri, kamu kurumlar\u0131 vb alanlarda tercih edilen Engelli asans\u00f6r\u00fc d\u00fcr.<\/p>\n<p>\u015e\u0131k bir tas\u0131ma sahip olup yap\u0131n\u0131z\u0131n esteti\u011fini bozmaz. \u0130\u00e7 ve d\u0131\u015f mekanlarda uygulanabilir. Hidrolik ve Sonsuz vidal\u0131 tahrik sistemi ile sessiz, g\u00fcvenli ve konforlu bir yolculuk sa\u011flar.<\/p>\n<p>Elektrostatik boyal\u0131 sac, krom kaplama ve 8 mm lamine cam ile uzun \u00f6m\u00fcrl\u00fc olup d\u0131\u015f ortamdaki nem,kar, ya\u011fmur vb \u015feylerden etkilenmez.<\/p>\n","protected":false},"excerpt":{"rendered":"<p>Kapal\u0131 tip engelli platformu ile hayat\u0131n\u0131z\u0131 kolayla\u015ft\u0131r\u0131n. Detayl\u0131 bilgi i\u00e7in aray\u0131n\u0131z.<\/p>\n","protected":false},"featured_media":57373,"comment_status":"open","ping_status":"closed","template":"","meta":{"inline_featured_image":false},"product_brand":[],"product_cat":[536],"product_tag":[547,555,553,554],"class_list":{"0":"post-57372","1":"product","2":"type-product","3":"status-publish","4":"has-post-thumbnail","6":"product_cat-engelli-sistemleri","7":"product_tag-engelli-asansoru","8":"product_tag-homelift","9":"product_tag-kapali-tip-engelli-platformu","10":"product_tag-villa-asansoru","11":"description-off","13":"first","14":"instock","15":"taxable","16":"shipping-taxable","17":"purchasable","18":"product-type-simple"},"_links":{"self":[{"href":"https:\/\/aliftasansor.com\/index.php?rest_route=\/wp\/v2\/product\/57372","targetHints":{"allow":["GET"]}}],"collection":[{"href":"https:\/\/aliftasansor.com\/index.php?rest_route=\/wp\/v2\/product"}],"about":[{"href":"https:\/\/aliftasansor.com\/index.php?rest_route=\/wp\/v2\/types\/product"}],"replies":[{"embeddable":true,"href":"https:\/\/aliftasansor.com\/index.php?rest_route=%2Fwp%2Fv2%2Fcomments&post=57372"}],"wp:featuredmedia":[{"embeddable":true,"href":"https:\/\/aliftasansor.com\/index.php?rest_route=\/wp\/v2\/media\/57373"}],"wp:attachment":[{"href":"https:\/\/aliftasansor.com\/index.php?rest_route=%2Fwp%2Fv2%2Fmedia&parent=57372"}],"wp:term":[{"taxonomy":"product_brand","embeddable":true,"href":"https:\/\/aliftasansor.com\/index.php?rest_route=%2Fwp%2Fv2%2Fproduct_brand&post=57372"},{"taxonomy":"product_cat","embeddable":true,"href":"https:\/\/aliftasansor.com\/index.php?rest_route=%2Fwp%2Fv2%2Fproduct_cat&post=57372"},{"taxonomy":"product_tag","embeddable":true,"href":"https:\/\/aliftasansor.com\/index.php?rest_route=%2Fwp%2Fv2%2Fproduct_tag&post=57372"}],"curies":[{"name":"wp","href":"https:\/\/api.w.org\/{rel}","templated":true}]}}