{"id":57364,"date":"2024-03-11T15:21:24","date_gmt":"2024-03-11T12:21:24","guid":{"rendered":"https:\/\/aliftasansor.com\/?post_type=product&#038;p=57364"},"modified":"2024-03-28T16:51:09","modified_gmt":"2024-03-28T13:51:09","slug":"duz-tip-merdiven-asansoru","status":"publish","type":"product","link":"https:\/\/aliftasansor.com\/?product=duz-tip-merdiven-asansoru","title":{"rendered":"D\u00fcz Tip Merdiven Asans\u00f6r\u00fc"},"content":{"rendered":"<p>Merdiven asans\u00f6r\u00fc fiyat\u0131, Handicare marka, d\u00fcz tip merdivenlere uygulanan koltuk asans\u00f6r\u00fc e\u011fitim kurumlar\u0131, di\u015f poliklinikleri ve \u00f6zel hastanelerde \u00e7ok\u00e7a tercih edilmektedir. D\u00f6n\u00fc\u015fl\u00fc modellerde olan \u00f6zel \u00fcretim s\u00fcreci bu modelde ge\u00e7erli de\u011fildir. Stokta her zaman bulunan \u00fcr\u00fcn\u00fcm\u00fcz 1 g\u00fcnde t\u00fcm T\u00fcrkiye de teslim edilmektedir.<\/p>\n<p>Detaylar i\u00e7in aray\u0131n\u0131z<\/p>\n","protected":false},"excerpt":{"rendered":"<p>D\u00fcz tip merdivenler i\u00e7in 1 g\u00fcnde teslim Handicare merdiven asans\u00f6r\u00fc<\/p>\n","protected":false},"featured_media":57365,"comment_status":"open","ping_status":"closed","template":"","meta":{"inline_featured_image":false},"product_brand":[],"product_cat":[536],"product_tag":[547,522,548,546,520,519,521],"class_list":{"0":"post-57364","1":"product","2":"type-product","3":"status-publish","4":"has-post-thumbnail","6":"product_cat-engelli-sistemleri","7":"product_tag-engelli-asansoru","8":"product_tag-engelli-merdiven-cikma","9":"product_tag-engelli-platformu","10":"product_tag-koltuk-asansoru","11":"product_tag-merdiven","12":"product_tag-merdiven-asansoru","13":"product_tag-yasli-asansoru","14":"description-off","16":"first","17":"instock","18":"taxable","19":"shipping-taxable","20":"purchasable","21":"product-type-simple"},"_links":{"self":[{"href":"https:\/\/aliftasansor.com\/index.php?rest_route=\/wp\/v2\/product\/57364","targetHints":{"allow":["GET"]}}],"collection":[{"href":"https:\/\/aliftasansor.com\/index.php?rest_route=\/wp\/v2\/product"}],"about":[{"href":"https:\/\/aliftasansor.com\/index.php?rest_route=\/wp\/v2\/types\/product"}],"replies":[{"embeddable":true,"href":"https:\/\/aliftasansor.com\/index.php?rest_route=%2Fwp%2Fv2%2Fcomments&post=57364"}],"wp:featuredmedia":[{"embeddable":true,"href":"https:\/\/aliftasansor.com\/index.php?rest_route=\/wp\/v2\/media\/57365"}],"wp:attachment":[{"href":"https:\/\/aliftasansor.com\/index.php?rest_route=%2Fwp%2Fv2%2Fmedia&parent=57364"}],"wp:term":[{"taxonomy":"product_brand","embeddable":true,"href":"https:\/\/aliftasansor.com\/index.php?rest_route=%2Fwp%2Fv2%2Fproduct_brand&post=57364"},{"taxonomy":"product_cat","embeddable":true,"href":"https:\/\/aliftasansor.com\/index.php?rest_route=%2Fwp%2Fv2%2Fproduct_cat&post=57364"},{"taxonomy":"product_tag","embeddable":true,"href":"https:\/\/aliftasansor.com\/index.php?rest_route=%2Fwp%2Fv2%2Fproduct_tag&post=57364"}],"curies":[{"name":"wp","href":"https:\/\/api.w.org\/{rel}","templated":true}]}}