{"id":57362,"date":"2024-03-11T12:57:22","date_gmt":"2024-03-11T09:57:22","guid":{"rendered":"https:\/\/aliftasansor.com\/?post_type=product&#038;p=57362"},"modified":"2024-03-28T16:51:09","modified_gmt":"2024-03-28T13:51:09","slug":"merdiven-asansoru-1-kat","status":"publish","type":"product","link":"https:\/\/aliftasansor.com\/?product=merdiven-asansoru-1-kat","title":{"rendered":"Merdiven Asans\u00f6r\u00fc ( 1 Kat )"},"content":{"rendered":"<p>D\u00f6n\u00fc\u015fl\u00fc tip merdivenler i\u00e7in estetik ve ekonomik bir koltuk asans\u00f6r\u00fc<\/p>\n","protected":false},"excerpt":{"rendered":"<p>D\u00f6n\u00fc\u015fl\u00fc tip merdivenler i\u00e7in merdiven asans\u00f6r\u00fc, verilen fiyat montaj hari\u00e7 verilmi\u015ftir, detaylar i\u00e7in ileti\u015fime ge\u00e7iniz&#8230;<\/p>\n","protected":false},"featured_media":57363,"comment_status":"open","ping_status":"closed","template":"","meta":{"inline_featured_image":false},"product_brand":[],"product_cat":[536],"product_tag":[],"class_list":{"0":"post-57362","1":"product","2":"type-product","3":"status-publish","4":"has-post-thumbnail","6":"product_cat-engelli-sistemleri","7":"description-off","9":"first","10":"instock","11":"taxable","12":"shipping-taxable","13":"purchasable","14":"product-type-simple"},"_links":{"self":[{"href":"https:\/\/aliftasansor.com\/index.php?rest_route=\/wp\/v2\/product\/57362","targetHints":{"allow":["GET"]}}],"collection":[{"href":"https:\/\/aliftasansor.com\/index.php?rest_route=\/wp\/v2\/product"}],"about":[{"href":"https:\/\/aliftasansor.com\/index.php?rest_route=\/wp\/v2\/types\/product"}],"replies":[{"embeddable":true,"href":"https:\/\/aliftasansor.com\/index.php?rest_route=%2Fwp%2Fv2%2Fcomments&post=57362"}],"wp:featuredmedia":[{"embeddable":true,"href":"https:\/\/aliftasansor.com\/index.php?rest_route=\/wp\/v2\/media\/57363"}],"wp:attachment":[{"href":"https:\/\/aliftasansor.com\/index.php?rest_route=%2Fwp%2Fv2%2Fmedia&parent=57362"}],"wp:term":[{"taxonomy":"product_brand","embeddable":true,"href":"https:\/\/aliftasansor.com\/index.php?rest_route=%2Fwp%2Fv2%2Fproduct_brand&post=57362"},{"taxonomy":"product_cat","embeddable":true,"href":"https:\/\/aliftasansor.com\/index.php?rest_route=%2Fwp%2Fv2%2Fproduct_cat&post=57362"},{"taxonomy":"product_tag","embeddable":true,"href":"https:\/\/aliftasansor.com\/index.php?rest_route=%2Fwp%2Fv2%2Fproduct_tag&post=57362"}],"curies":[{"name":"wp","href":"https:\/\/api.w.org\/{rel}","templated":true}]}}