{"id":57357,"date":"2024-03-11T12:21:09","date_gmt":"2024-03-11T09:21:09","guid":{"rendered":"https:\/\/aliftasansor.com\/?post_type=product&#038;p=57357"},"modified":"2026-04-13T12:35:16","modified_gmt":"2026-04-13T09:35:16","slug":"havuz-asansoru","status":"publish","type":"product","link":"https:\/\/aliftasansor.com\/?product=havuz-asansoru","title":{"rendered":"Havuz Asans\u00f6r\u00fc ( Portatif )"},"content":{"rendered":"<p>\u00dcr\u00fcn Geni\u015f A\u00e7\u0131klama<\/p>\n","protected":false},"excerpt":{"rendered":"<p>\u00dcr\u00fcn K\u0131sa A\u00e7\u0131klamas\u0131<\/p>\n","protected":false},"featured_media":57358,"comment_status":"open","ping_status":"closed","template":"","meta":{"inline_featured_image":false},"product_brand":[],"product_cat":[536],"product_tag":[561,542,543,544],"class_list":{"0":"post-57357","1":"product","2":"type-product","3":"status-publish","4":"has-post-thumbnail","6":"product_cat-engelli-sistemleri","7":"product_tag-engelli-havuz-asansoru","8":"product_tag-havuz-asansoru","9":"product_tag-otel-havuz-asansoru","10":"product_tag-su-asansoru","11":"description-off","13":"first","14":"instock","15":"sale","16":"taxable","17":"shipping-taxable","18":"purchasable","19":"product-type-simple"},"_links":{"self":[{"href":"https:\/\/aliftasansor.com\/index.php?rest_route=\/wp\/v2\/product\/57357","targetHints":{"allow":["GET"]}}],"collection":[{"href":"https:\/\/aliftasansor.com\/index.php?rest_route=\/wp\/v2\/product"}],"about":[{"href":"https:\/\/aliftasansor.com\/index.php?rest_route=\/wp\/v2\/types\/product"}],"replies":[{"embeddable":true,"href":"https:\/\/aliftasansor.com\/index.php?rest_route=%2Fwp%2Fv2%2Fcomments&post=57357"}],"wp:featuredmedia":[{"embeddable":true,"href":"https:\/\/aliftasansor.com\/index.php?rest_route=\/wp\/v2\/media\/57358"}],"wp:attachment":[{"href":"https:\/\/aliftasansor.com\/index.php?rest_route=%2Fwp%2Fv2%2Fmedia&parent=57357"}],"wp:term":[{"taxonomy":"product_brand","embeddable":true,"href":"https:\/\/aliftasansor.com\/index.php?rest_route=%2Fwp%2Fv2%2Fproduct_brand&post=57357"},{"taxonomy":"product_cat","embeddable":true,"href":"https:\/\/aliftasansor.com\/index.php?rest_route=%2Fwp%2Fv2%2Fproduct_cat&post=57357"},{"taxonomy":"product_tag","embeddable":true,"href":"https:\/\/aliftasansor.com\/index.php?rest_route=%2Fwp%2Fv2%2Fproduct_tag&post=57357"}],"curies":[{"name":"wp","href":"https:\/\/api.w.org\/{rel}","templated":true}]}}