{"id":16279,"date":"2014-06-16T11:01:19","date_gmt":"2014-06-16T11:01:19","guid":{"rendered":"https:\/\/the7.io\/main\/?page_id=16279"},"modified":"2024-03-19T11:37:30","modified_gmt":"2024-03-19T08:37:30","slug":"hakkimizda","status":"publish","type":"page","link":"https:\/\/aliftasansor.com\/?page_id=16279","title":{"rendered":"Hakk\u0131m\u0131zda"},"content":{"rendered":"<div class=\"wpb-content-wrapper\"><p>[vc_row content_placement=&#8221;middle&#8221; type=&#8221;vc_default&#8221; margin_bottom=&#8221;10&#8243; css=&#8221;.vc_custom_1573322132161{padding-top: 70px !important;padding-bottom: 40px !important;}&#8221;][vc_column width=&#8221;1\/2&#8243; offset=&#8221;vc_col-lg-7 vc_col-md-6 vc_col-xs-12&#8243; css=&#8221;.vc_custom_1573322674836{padding-bottom: 30px !important;}&#8221;]<style type=\"text\/css\" data-type=\"the7_shortcodes-inline-css\">.shortcode-single-image-wrap.shortcode-single-image-91e5f5ed075aec5cdb78dc45be1d219b.enable-bg-rollover .rollover i,\n.shortcode-single-image-wrap.shortcode-single-image-91e5f5ed075aec5cdb78dc45be1d219b.enable-bg-rollover .rollover-video i {\n  background: -webkit-linear-gradient();\n  background: linear-gradient();\n}\n.shortcode-single-image-wrap.shortcode-single-image-91e5f5ed075aec5cdb78dc45be1d219b .rollover-icon {\n  font-size: 32px;\n  color: #ffffff;\n  min-width: 44px;\n  min-height: 44px;\n  line-height: 44px;\n  border-radius: 100px;\n  border-style: solid;\n  border-width: 0px;\n}\n.dt-icon-bg-on.shortcode-single-image-wrap.shortcode-single-image-91e5f5ed075aec5cdb78dc45be1d219b .rollover-icon {\n  background: rgba(255,255,255,0.3);\n  box-shadow: none;\n}\n<\/style><div class=\"shortcode-single-image-wrap shortcode-single-image-91e5f5ed075aec5cdb78dc45be1d219b alignnone  enable-bg-rollover dt-icon-bg-off\" style=\"margin-top:0px; margin-bottom:0px; margin-left:0px; margin-right:0px; width:900px;\" data-pretty-share=\"facebook,twitter,pinterest,linkedin\"><div class=\"shortcode-single-image\"><div class=\"fancy-media-wrap  layzr-bg\" style=\"\"><img fetchpriority=\"high\" decoding=\"async\" class=\"preload-me lazy-load aspect\" src=\"data:image\/svg+xml,%3Csvg%20xmlns%3D&#39;http%3A%2F%2Fwww.w3.org%2F2000%2Fsvg&#39;%20viewBox%3D&#39;0%200%20836%20836&#39;%2F%3E\" data-src=\"https:\/\/aliftasansor.com\/wp-content\/uploads\/2024\/03\/alift-about-836x836.jpg\" data-srcset=\"https:\/\/aliftasansor.com\/wp-content\/uploads\/2024\/03\/alift-about-836x836.jpg 836w\" loading=\"eager\" sizes=\"(max-width: 836px) 100vw, 836px\" width=\"836\" height=\"836\"  data-dt-location=\"https:\/\/aliftasansor.com\/?attachment_id=57588\" style=\"--ratio: 836 \/ 836;\" alt=\"\" \/><\/div><\/div><\/div>[\/vc_column][vc_column width=&#8221;1\/2&#8243; offset=&#8221;vc_col-lg-5 vc_col-md-6 vc_col-xs-12&#8243; css=&#8221;.vc_custom_1573322670722{padding-bottom: 30px !important;}&#8221;][vc_column_text css=&#8221;.vc_custom_1710790302765{padding-bottom: 20px !important;}&#8221;]<\/p>\n<h3>Ya\u015fam\u0131n Kolayla\u015ft\u0131\u011f\u0131 Dokunu\u015flar: Alift Asans\u00f6r ve Engelli Sistemleri<\/h3>\n<div id=\"gtx-trans\" style=\"position: absolute; left: -285px; top: 37.375px;\">\n<div class=\"gtx-trans-icon\"><\/div>\n<\/div>\n<p>[\/vc_column_text][vc_column_text]2005 y\u0131l\u0131ndan beri Bursa&#8217;dan y\u00fckselen bir ba\u015far\u0131 hikayesi: Alift Asans\u00f6r ve Engelli Sistemleri, kurucusu Ali D\u00fczen&#8217;in vizyonu ve liderli\u011fiyle, asans\u00f6r sekt\u00f6r\u00fcnde \u00f6nc\u00fc bir rol \u00fcstlenmektedir. \u0130lk y\u0131llar\u0131nda asans\u00f6r \u00fcretim ve bak\u0131m\u0131nda edindi\u011fi tecr\u00fcbeyi, 2010 y\u0131l\u0131ndan itibaren engelli asans\u00f6rleri ve engelli sistemleri alan\u0131nda da kullanmaya ba\u015flayan Alift, bu sayede engelli bireylerin ya\u015fam kalitesini y\u00fckseltme misyonunu da \u00fcstlenmi\u015ftir.<\/p>\n<p>Kaliteye ve belgelere verdi\u011fi \u00f6nemle fark yarat\u0131yor: CE ve TSE-HYB belgelerine sahip olan Alift, sekt\u00f6rdeki liderli\u011fini ve g\u00fcvenilirli\u011fini belgeliyor. Kaliteli \u00fcr\u00fcn ve hizmet anlay\u0131\u015f\u0131yla, her ge\u00e7en g\u00fcn ba\u015far\u0131 \u00e7\u0131tas\u0131n\u0131 y\u00fckseltmeye devam ediyor.<\/p>\n<p>Engelli bireyler i\u00e7in kapsaml\u0131 \u00e7\u00f6z\u00fcmler sunuyor: Engelli asans\u00f6rleri, merdiven asans\u00f6rleri, platformlar, rampalar ve vin\u00e7ler gibi geni\u015f bir \u00fcr\u00fcn yelpazesiyle engelli bireylerin hayat\u0131n\u0131 kolayla\u015ft\u0131r\u0131yor. Asans\u00f6r modernizasyonu ve bak\u0131m onar\u0131m hizmetleri ile de mevcut asans\u00f6rlerin g\u00fcvenli ve konforlu bir \u015fekilde \u00e7al\u0131\u015fmas\u0131n\u0131 sa\u011fl\u0131yor.<\/p>\n<p>Bireysel ve kurumsal m\u00fc\u015fterilere hizmet veriyor: Bireysel kullan\u0131c\u0131lar\u0131n yan\u0131 s\u0131ra kamu kurumlar\u0131 ve \u00f6zel sekt\u00f6r kurulu\u015flar\u0131na da \u00e7\u00f6z\u00fcmler sunan Alift, geni\u015f bir m\u00fc\u015fteri kitlesine hitap ediyor.<\/p>\n<p>Sekt\u00f6re \u00f6nc\u00fcl\u00fck ediyor: Engelli asans\u00f6rleri ve engelli sistemleri sekt\u00f6r\u00fcnde lider firmalardan biri olan Alift, yenilik\u00e7i \u00e7\u00f6z\u00fcmleri ve kaliteli hizmet anlay\u0131\u015f\u0131yla sekt\u00f6re \u00f6nc\u00fcl\u00fck ediyor.<\/p>\n<p>Alift ile hayat kolayla\u015f\u0131yor: Ya\u015fam\u0131n her alan\u0131nda engelli bireylerin ba\u011f\u0131ms\u0131zl\u0131\u011f\u0131n\u0131 ve \u00f6zg\u00fcrl\u00fc\u011f\u00fcn\u00fc savunan Alift, &#8220;Ya\u015fam\u0131 Kolayla\u015ft\u0131ran Dokunu\u015flar&#8221; slogan\u0131yla engelli dostu bir d\u00fcnya i\u00e7in \u00e7al\u0131\u015fmaya devam ediyor.[\/vc_column_text][\/vc_column][\/vc_row][vc_row][vc_column][vc_row_inner equal_height=&#8221;yes&#8221; content_placement=&#8221;top&#8221; css=&#8221;.vc_custom_1573321916693{margin-top: -10px !important;margin-bottom: -10px !important;padding-right: 20px !important;padding-left: 20px !important;}&#8221;][vc_column_inner width=&#8221;1\/2&#8243; css=&#8221;.vc_custom_1573322508226{margin-top: 10px !important;margin-right: 10px !important;margin-bottom: 10px !important;margin-left: 10px !important;padding-top: 30px !important;padding-right: 30px !important;padding-bottom: 30px !important;padding-left: 30px !important;background-color: rgba(0,0,0,0.04) !important;*background-color: rgb(0,0,0) !important;}&#8221; offset=&#8221;vc_col-lg-6 vc_col-md-6&#8243;]<style type=\"text\/css\" data-type=\"the7_shortcodes-inline-css\">.icon-with-text-shortcode.icon-text-id-9579c72542f548a408a52cd9d8b2c332 .text-icon {\n  width: 32px;\n  height: 32px;\n  line-height: 32px;\n  font-size: 32px;\n  border-radius: 200px;\n  margin: 0px 0px 10px 0px;\n}\n.icon-with-text-shortcode.icon-text-id-9579c72542f548a408a52cd9d8b2c332 .text-icon .icon-inner {\n  min-width: 32px;\n  min-height: 32px;\n  border-radius: 200px;\n}\n@media all and (-ms-high-contrast: none) {\n  .icon-with-text-shortcode.icon-text-id-9579c72542f548a408a52cd9d8b2c332 .text-icon .icon-inner {\n    height: 32px;\n  }\n}\n.icon-with-text-shortcode.icon-text-id-9579c72542f548a408a52cd9d8b2c332 .text-icon .dt-hover-icon {\n  line-height: 32px;\n}\n.icon-with-text-shortcode.icon-text-id-9579c72542f548a408a52cd9d8b2c332 .text-icon:before,\n.icon-with-text-shortcode.icon-text-id-9579c72542f548a408a52cd9d8b2c332 .text-icon:after,\n.icon-with-text-shortcode.icon-text-id-9579c72542f548a408a52cd9d8b2c332 .text-icon .icon-inner:before,\n.icon-with-text-shortcode.icon-text-id-9579c72542f548a408a52cd9d8b2c332 .text-icon .icon-inner:after {\n  min-width: 100%;\n  min-height: 100%;\n  padding: inherit;\n  border-radius: inherit;\n}\n.icon-with-text-shortcode.icon-text-id-9579c72542f548a408a52cd9d8b2c332 .text-icon.dt-icon-border-on:before {\n  border-width: 0px;\n  border-style: solid;\n}\n.dt-icon-border-dashed.icon-with-text-shortcode.icon-text-id-9579c72542f548a408a52cd9d8b2c332 .text-icon.dt-icon-border-on:before {\n  border-style: dashed;\n}\n.dt-icon-border-dotted.icon-with-text-shortcode.icon-text-id-9579c72542f548a408a52cd9d8b2c332 .text-icon.dt-icon-border-on:before {\n  border-style: dotted;\n}\n.dt-icon-border-double.icon-with-text-shortcode.icon-text-id-9579c72542f548a408a52cd9d8b2c332 .text-icon.dt-icon-border-on:before {\n  border-style: double;\n}\n.icon-with-text-shortcode.icon-text-id-9579c72542f548a408a52cd9d8b2c332 .text-icon.dt-icon-border-dashed.dt-icon-border-on:before {\n  border-style: dashed;\n}\n.icon-with-text-shortcode.icon-text-id-9579c72542f548a408a52cd9d8b2c332 .text-icon.dt-icon-border-dotted.dt-icon-border-on:before {\n  border-style: dotted;\n}\n.icon-with-text-shortcode.icon-text-id-9579c72542f548a408a52cd9d8b2c332 .text-icon.dt-icon-border-double.dt-icon-border-on:before {\n  border-style: double;\n}\n.icon-with-text-shortcode.icon-text-id-9579c72542f548a408a52cd9d8b2c332 .text-icon.dt-icon-hover-border-on:after {\n  border-width: 0px;\n  border-style: solid;\n}\n.icon-with-text-shortcode.icon-text-id-9579c72542f548a408a52cd9d8b2c332 .text-icon.dt-icon-border-dashed.dt-icon-hover-border-on:after {\n  border-style: dashed;\n}\n.icon-with-text-shortcode.icon-text-id-9579c72542f548a408a52cd9d8b2c332 .text-icon.dt-icon-border-dotted.dt-icon-hover-border-on:after {\n  border-style: dotted;\n}\n.icon-with-text-shortcode.icon-text-id-9579c72542f548a408a52cd9d8b2c332 .text-icon.dt-icon-border-double.dt-icon-hover-border-on:after {\n  border-style: double;\n}\n.icon-with-text-shortcode.icon-text-id-9579c72542f548a408a52cd9d8b2c332 .text-icon.dt-icon-hover-on:hover {\n  font-size: 32px;\n}\n#page .icon-with-text-shortcode.icon-text-id-9579c72542f548a408a52cd9d8b2c332 .text-icon.dt-icon-hover-on:hover .soc-font-icon,\n#phantom .icon-with-text-shortcode.icon-text-id-9579c72542f548a408a52cd9d8b2c332 .text-icon.dt-icon-hover-on:hover .soc-font-icon,\n#page .icon-with-text-shortcode.icon-text-id-9579c72542f548a408a52cd9d8b2c332 .text-icon.dt-icon-hover-on:hover .soc-icon,\n#phantom .icon-with-text-shortcode.icon-text-id-9579c72542f548a408a52cd9d8b2c332 .text-icon.dt-icon-hover-on:hover .soc-icon {\n  color: #fff;\n  background: none;\n}\n.icon-with-text-shortcode.icon-text-id-9579c72542f548a408a52cd9d8b2c332.layout-1 {\n  grid-template-columns: 32px minmax(0,1fr);\n  grid-column-gap: 0px;\n}\n.icon-with-text-shortcode.icon-text-id-9579c72542f548a408a52cd9d8b2c332.layout-2 {\n  grid-template-columns: minmax(0,1fr) 32px;\n  grid-column-gap: 0px;\n}\n.icon-with-text-shortcode.icon-text-id-9579c72542f548a408a52cd9d8b2c332.layout-2 .text-icon {\n  margin-left: 0;\n}\n.icon-with-text-shortcode.icon-text-id-9579c72542f548a408a52cd9d8b2c332.layout-3 {\n  grid-template-columns: 32px minmax(0,1fr);\n}\n.icon-with-text-shortcode.icon-text-id-9579c72542f548a408a52cd9d8b2c332.layout-3 .dt-text-title {\n  margin-left: 0px;\n}\n.icon-with-text-shortcode.icon-text-id-9579c72542f548a408a52cd9d8b2c332 .dt-text-title,\n.icon-with-text-shortcode.icon-text-id-9579c72542f548a408a52cd9d8b2c332 .dt-text-title a {\n  font-weight: bold;\n}\n.icon-with-text-shortcode.icon-text-id-9579c72542f548a408a52cd9d8b2c332 .dt-text-title {\n  margin-bottom: 10px;\n}\n.icon-with-text-shortcode.icon-text-id-9579c72542f548a408a52cd9d8b2c332 .dt-text-desc {\n  margin-bottom: 0px;\n}\n<\/style><div class=\"icon-with-text-shortcode  icon-text-id-9579c72542f548a408a52cd9d8b2c332 layout-5  \" ><span   class=\"text-icon dt-icon-bg-off dt-icon-hover-off\" ><span class=\"icon-inner\"><i class=\"dt-regular-icon soc-icon fas fa-arrow-alt-circle-up\"><\/i><i class=\"dt-hover-icon soc-icon fas fa-arrow-alt-circle-up\"><\/i><\/span><\/span><h5 class=\"dt-text-title\"  >Vizyonumuz<\/h5><div class=\"dt-text-desc\">2010 y\u0131l\u0131nda ba\u015flad\u0131\u011f\u0131m\u0131z yolculu\u011fumuzda hedefimiz; t\u00fcm engelli bireyler i\u00e7in eri\u015filebilir ya\u015fam alanlar\u0131, kamusal ve sosyal alanlar olu\u015fturmakt\u0131r. Alift Engelli Sistemleri olarak bu hedef do\u011frultusunda \u00fclkemizin her noktas\u0131nda her b\u00fct\u00e7eye uygun \u00e7\u00f6z\u00fcmlerimizle eri\u015filebilirli\u011fin yayg\u0131nla\u015fmas\u0131n\u0131 sa\u011flamak istiyoruz.<\/div><\/div>[\/vc_column_inner][vc_column_inner width=&#8221;1\/2&#8243; css=&#8221;.vc_custom_1573322513508{margin-top: 10px !important;margin-right: 10px !important;margin-bottom: 10px !important;margin-left: 10px !important;border-top-width: 3px !important;border-right-width: 3px !important;border-bottom-width: 3px !important;border-left-width: 3px !important;padding-top: 30px !important;padding-right: 30px !important;padding-bottom: 30px !important;padding-left: 30px !important;border-left-color: rgba(0,0,0,0.06) !important;border-left-style: solid !important;border-right-color: rgba(0,0,0,0.06) !important;border-right-style: solid !important;border-top-color: rgba(0,0,0,0.06) !important;border-top-style: solid !important;border-bottom-color: rgba(0,0,0,0.06) !important;border-bottom-style: solid !important;}&#8221; offset=&#8221;vc_col-lg-6 vc_col-md-6&#8243;]<style type=\"text\/css\" data-type=\"the7_shortcodes-inline-css\">.icon-with-text-shortcode.icon-text-id-677903d22c04dc7548e284410bcba8ae .text-icon {\n  width: 32px;\n  height: 32px;\n  line-height: 32px;\n  font-size: 32px;\n  border-radius: 200px;\n  margin: 0px 0px 10px 0px;\n}\n.icon-with-text-shortcode.icon-text-id-677903d22c04dc7548e284410bcba8ae .text-icon .icon-inner {\n  min-width: 32px;\n  min-height: 32px;\n  border-radius: 200px;\n}\n@media all and (-ms-high-contrast: none) {\n  .icon-with-text-shortcode.icon-text-id-677903d22c04dc7548e284410bcba8ae .text-icon .icon-inner {\n    height: 32px;\n  }\n}\n.icon-with-text-shortcode.icon-text-id-677903d22c04dc7548e284410bcba8ae .text-icon .dt-hover-icon {\n  line-height: 32px;\n}\n.icon-with-text-shortcode.icon-text-id-677903d22c04dc7548e284410bcba8ae .text-icon:before,\n.icon-with-text-shortcode.icon-text-id-677903d22c04dc7548e284410bcba8ae .text-icon:after,\n.icon-with-text-shortcode.icon-text-id-677903d22c04dc7548e284410bcba8ae .text-icon .icon-inner:before,\n.icon-with-text-shortcode.icon-text-id-677903d22c04dc7548e284410bcba8ae .text-icon .icon-inner:after {\n  min-width: 100%;\n  min-height: 100%;\n  padding: inherit;\n  border-radius: inherit;\n}\n.icon-with-text-shortcode.icon-text-id-677903d22c04dc7548e284410bcba8ae .text-icon.dt-icon-border-on:before {\n  border-width: 0px;\n  border-style: solid;\n}\n.dt-icon-border-dashed.icon-with-text-shortcode.icon-text-id-677903d22c04dc7548e284410bcba8ae .text-icon.dt-icon-border-on:before {\n  border-style: dashed;\n}\n.dt-icon-border-dotted.icon-with-text-shortcode.icon-text-id-677903d22c04dc7548e284410bcba8ae .text-icon.dt-icon-border-on:before {\n  border-style: dotted;\n}\n.dt-icon-border-double.icon-with-text-shortcode.icon-text-id-677903d22c04dc7548e284410bcba8ae .text-icon.dt-icon-border-on:before {\n  border-style: double;\n}\n.icon-with-text-shortcode.icon-text-id-677903d22c04dc7548e284410bcba8ae .text-icon.dt-icon-border-dashed.dt-icon-border-on:before {\n  border-style: dashed;\n}\n.icon-with-text-shortcode.icon-text-id-677903d22c04dc7548e284410bcba8ae .text-icon.dt-icon-border-dotted.dt-icon-border-on:before {\n  border-style: dotted;\n}\n.icon-with-text-shortcode.icon-text-id-677903d22c04dc7548e284410bcba8ae .text-icon.dt-icon-border-double.dt-icon-border-on:before {\n  border-style: double;\n}\n.icon-with-text-shortcode.icon-text-id-677903d22c04dc7548e284410bcba8ae .text-icon.dt-icon-hover-border-on:after {\n  border-width: 0px;\n  border-style: solid;\n}\n.icon-with-text-shortcode.icon-text-id-677903d22c04dc7548e284410bcba8ae .text-icon.dt-icon-border-dashed.dt-icon-hover-border-on:after {\n  border-style: dashed;\n}\n.icon-with-text-shortcode.icon-text-id-677903d22c04dc7548e284410bcba8ae .text-icon.dt-icon-border-dotted.dt-icon-hover-border-on:after {\n  border-style: dotted;\n}\n.icon-with-text-shortcode.icon-text-id-677903d22c04dc7548e284410bcba8ae .text-icon.dt-icon-border-double.dt-icon-hover-border-on:after {\n  border-style: double;\n}\n.icon-with-text-shortcode.icon-text-id-677903d22c04dc7548e284410bcba8ae .text-icon.dt-icon-hover-on:hover {\n  font-size: 32px;\n}\n#page .icon-with-text-shortcode.icon-text-id-677903d22c04dc7548e284410bcba8ae .text-icon.dt-icon-hover-on:hover .soc-font-icon,\n#phantom .icon-with-text-shortcode.icon-text-id-677903d22c04dc7548e284410bcba8ae .text-icon.dt-icon-hover-on:hover .soc-font-icon,\n#page .icon-with-text-shortcode.icon-text-id-677903d22c04dc7548e284410bcba8ae .text-icon.dt-icon-hover-on:hover .soc-icon,\n#phantom .icon-with-text-shortcode.icon-text-id-677903d22c04dc7548e284410bcba8ae .text-icon.dt-icon-hover-on:hover .soc-icon {\n  color: #fff;\n  background: none;\n}\n.icon-with-text-shortcode.icon-text-id-677903d22c04dc7548e284410bcba8ae.layout-1 {\n  grid-template-columns: 32px minmax(0,1fr);\n  grid-column-gap: 0px;\n}\n.icon-with-text-shortcode.icon-text-id-677903d22c04dc7548e284410bcba8ae.layout-2 {\n  grid-template-columns: minmax(0,1fr) 32px;\n  grid-column-gap: 0px;\n}\n.icon-with-text-shortcode.icon-text-id-677903d22c04dc7548e284410bcba8ae.layout-2 .text-icon {\n  margin-left: 0;\n}\n.icon-with-text-shortcode.icon-text-id-677903d22c04dc7548e284410bcba8ae.layout-3 {\n  grid-template-columns: 32px minmax(0,1fr);\n}\n.icon-with-text-shortcode.icon-text-id-677903d22c04dc7548e284410bcba8ae.layout-3 .dt-text-title {\n  margin-left: 0px;\n}\n.icon-with-text-shortcode.icon-text-id-677903d22c04dc7548e284410bcba8ae .dt-text-title,\n.icon-with-text-shortcode.icon-text-id-677903d22c04dc7548e284410bcba8ae .dt-text-title a {\n  font-weight: bold;\n}\n.icon-with-text-shortcode.icon-text-id-677903d22c04dc7548e284410bcba8ae .dt-text-title {\n  margin-bottom: 10px;\n}\n.icon-with-text-shortcode.icon-text-id-677903d22c04dc7548e284410bcba8ae .dt-text-desc {\n  margin-bottom: 0px;\n}\n<\/style><div class=\"icon-with-text-shortcode  icon-text-id-677903d22c04dc7548e284410bcba8ae layout-5  \" ><span   class=\"text-icon dt-icon-bg-off dt-icon-hover-off\" ><span class=\"icon-inner\"><i class=\"dt-regular-icon soc-icon fas fa-arrow-alt-circle-up\"><\/i><i class=\"dt-hover-icon soc-icon fas fa-arrow-alt-circle-up\"><\/i><\/span><\/span><h5 class=\"dt-text-title\"  >Misyonumuz<\/h5><div class=\"dt-text-desc\">Geli\u015fen teknolojiyi \u00fcr\u00fcnlerimize uygulay\u0131p, t\u00fcm alanlar\u0131 engelli ve ya\u015fl\u0131 bireyler i\u00e7in eri\u015filebilir k\u0131l\u0131yoruz. Her proje sonunda engelli veya ya\u015fl\u0131lar\u0131n mutlu oldu\u011funu g\u00f6rmek, bir sonraki projemiz i\u00e7in bizi motive ediyor.<\/div><\/div>[\/vc_column_inner][\/vc_row_inner][\/vc_column][\/vc_row][vc_row][vc_column][vc_empty_space][\/vc_column][\/vc_row]<\/p>\n<\/div>","protected":false},"excerpt":{"rendered":"<p>[vc_row content_placement=&#8221;middle&#8221; type=&#8221;vc_default&#8221; margin_bottom=&#8221;10&#8243; css=&#8221;.vc_custom_1573322132161{padding-top: 70px !important;padding-bottom: 40px !important;}&#8221;][vc_column width=&#8221;1\/2&#8243; offset=&#8221;vc_col-lg-7 vc_col-md-6 vc_col-xs-12&#8243; css=&#8221;.vc_custom_1573322674836{padding-bottom: 30px !important;}&#8221;][\/vc_column][vc_column width=&#8221;1\/2&#8243; offset=&#8221;vc_col-lg-5 vc_col-md-6 vc_col-xs-12&#8243; css=&#8221;.vc_custom_1573322670722{padding-bottom: 30px !important;}&#8221;][vc_column_text css=&#8221;.vc_custom_1710790302765{padding-bottom: 20px !important;}&#8221;] Ya\u015fam\u0131n Kolayla\u015ft\u0131\u011f\u0131 Dokunu\u015flar: Alift Asans\u00f6r ve Engelli Sistemleri [\/vc_column_text][vc_column_text]2005 y\u0131l\u0131ndan beri Bursa&#8217;dan y\u00fckselen bir ba\u015far\u0131 hikayesi: Alift Asans\u00f6r ve Engelli Sistemleri, kurucusu Ali D\u00fczen&#8217;in vizyonu ve liderli\u011fiyle, asans\u00f6r sekt\u00f6r\u00fcnde&hellip;<\/p>\n","protected":false},"author":1,"featured_media":0,"parent":0,"menu_order":10,"comment_status":"closed","ping_status":"closed","template":"","meta":{"inline_featured_image":false,"footnotes":""},"class_list":["post-16279","page","type-page","status-publish","hentry","description-off"],"_links":{"self":[{"href":"https:\/\/aliftasansor.com\/index.php?rest_route=\/wp\/v2\/pages\/16279","targetHints":{"allow":["GET"]}}],"collection":[{"href":"https:\/\/aliftasansor.com\/index.php?rest_route=\/wp\/v2\/pages"}],"about":[{"href":"https:\/\/aliftasansor.com\/index.php?rest_route=\/wp\/v2\/types\/page"}],"author":[{"embeddable":true,"href":"https:\/\/aliftasansor.com\/index.php?rest_route=\/wp\/v2\/users\/1"}],"replies":[{"embeddable":true,"href":"https:\/\/aliftasansor.com\/index.php?rest_route=%2Fwp%2Fv2%2Fcomments&post=16279"}],"version-history":[{"count":7,"href":"https:\/\/aliftasansor.com\/index.php?rest_route=\/wp\/v2\/pages\/16279\/revisions"}],"predecessor-version":[{"id":57629,"href":"https:\/\/aliftasansor.com\/index.php?rest_route=\/wp\/v2\/pages\/16279\/revisions\/57629"}],"wp:attachment":[{"href":"https:\/\/aliftasansor.com\/index.php?rest_route=%2Fwp%2Fv2%2Fmedia&parent=16279"}],"curies":[{"name":"wp","href":"https:\/\/api.w.org\/{rel}","templated":true}]}}